{"id":131,"date":"2025-11-14T12:06:29","date_gmt":"2025-11-14T12:06:29","guid":{"rendered":"https:\/\/nagelpiano.com\/?page_id=131"},"modified":"2025-12-04T07:22:24","modified_gmt":"2025-12-04T07:22:24","slug":"erbe","status":"publish","type":"page","link":"https:\/\/nagelpiano.com\/?page_id=131&lang=de","title":{"rendered":"Erbe"},"content":{"rendered":"<p>[et_pb_section fb_built=&#8221;1&#8243; _builder_version=&#8221;4.27.4&#8243; _module_preset=&#8221;default&#8221; background_image=&#8221;https:\/\/nagelpiano.com\/wp-content\/uploads\/2025\/11\/123457777.png&#8221; background_position=&#8221;center_right&#8221; custom_padding=&#8221;||||false|false&#8221; background_last_edited=&#8221;on|phone&#8221; background_image_phone=&#8221;https:\/\/nagelpiano.com\/wp-content\/uploads\/2025\/11\/xfgn.png&#8221; background_enable_image_phone=&#8221;on&#8221; locked=&#8221;off&#8221; global_colors_info=&#8221;{}&#8221;][et_pb_row column_structure=&#8221;1_2,1_2&#8243; custom_padding_last_edited=&#8221;on|phone&#8221; _builder_version=&#8221;4.27.4&#8243; _module_preset=&#8221;default&#8221; width=&#8221;90%&#8221; max_width=&#8221;100%&#8221; custom_margin=&#8221;0px||0px||false|false&#8221; custom_margin_tablet=&#8221;0px||0px||false|false&#8221; custom_margin_phone=&#8221;80px||20px||false|false&#8221; custom_margin_last_edited=&#8221;on|phone&#8221; custom_padding=&#8221;12.2%||12.2%||true|false&#8221; custom_padding_tablet=&#8221;12.2%||12.2%||true|false&#8221; custom_padding_phone=&#8221;0%||0%||false|false&#8221; global_colors_info=&#8221;{}&#8221;][et_pb_column type=&#8221;1_2&#8243; _builder_version=&#8221;4.27.4&#8243; _module_preset=&#8221;default&#8221; global_colors_info=&#8221;{}&#8221;][et_pb_text content_tablet=&#8221;<\/p>\n<div id=%22text-2580294571%22 class=%22text%22 style=%22text-align: center;%22>\n<h1 style=%22text-align: left;%22>Erbe<\/h1>\n<\/div>\n<div id=%22text-2481121623%22 class=%22text%22 style=%22text-align: center;%22>\n<p data-start=%22123%22 data-end=%22462%22>\n<\/div>\n<p>&#8221; content_phone=&#8221;<\/p>\n<div id=%22text-2580294571%22 class=%22text%22 style=%22text-align: center;%22>\n<h1 style=%22text-align: center;%22>Erbe<\/h1>\n<\/div>\n<div id=%22text-2481121623%22 class=%22text%22 style=%22text-align: center;%22>\n<p data-start=%22123%22 data-end=%22462%22>\n<\/div>\n<p>&#8221; content_last_edited=&#8221;on|phone&#8221; _builder_version=&#8221;4.27.4&#8243; _module_preset=&#8221;default&#8221; text_font_size=&#8221;34px&#8221; text_line_height=&#8221;1.1em&#8221; header_font_size=&#8221;47px&#8221; custom_margin=&#8221;||||false|false&#8221; custom_margin_tablet=&#8221;58px||||false|false&#8221; custom_margin_phone=&#8221;0px||0px||false|false&#8221; custom_margin_last_edited=&#8221;on|phone&#8221; custom_padding=&#8221;0px||0px||false|false&#8221; custom_padding_last_edited=&#8221;off|desktop&#8221; header_font_tablet=&#8221;&#8221; header_font_phone=&#8221;&#8221; header_font_last_edited=&#8221;on|desktop&#8221; header_font_size_tablet=&#8221;50px&#8221; header_font_size_phone=&#8221;28px&#8221; header_font_size_last_edited=&#8221;on|desktop&#8221; global_colors_info=&#8221;{}&#8221;]<\/p>\n<div id=\"text-2580294571\" class=\"text\" style=\"text-align: center;\">\n<h1 style=\"text-align: left;\">Erbe<\/h1>\n<\/div>\n<div id=\"text-2481121623\" class=\"text\" style=\"text-align: center;\">\n<p data-start=\"123\" data-end=\"462\">\n<\/div>\n<p>[\/et_pb_text][\/et_pb_column][et_pb_column type=&#8221;1_2&#8243; _builder_version=&#8221;4.27.4&#8243; _module_preset=&#8221;default&#8221; global_colors_info=&#8221;{}&#8221;][\/et_pb_column][\/et_pb_row][\/et_pb_section][et_pb_section fb_built=&#8221;1&#8243; _builder_version=&#8221;4.27.4&#8243; _module_preset=&#8221;default&#8221; custom_padding=&#8221;0px||0px||false|false&#8221; locked=&#8221;off&#8221; global_colors_info=&#8221;{}&#8221;][et_pb_row _builder_version=&#8221;4.27.4&#8243; _module_preset=&#8221;default&#8221; width=&#8221;90%&#8221; max_width=&#8221;100%&#8221; custom_padding=&#8221;4%||4%||false|false&#8221; global_colors_info=&#8221;{}&#8221;][et_pb_column type=&#8221;4_4&#8243; _builder_version=&#8221;4.27.4&#8243; _module_preset=&#8221;default&#8221; global_colors_info=&#8221;{}&#8221;][et_pb_text _builder_version=&#8221;4.27.4&#8243; _module_preset=&#8221;default&#8221; text_line_height=&#8221;1.2em&#8221; header_2_font_size=&#8221;24px&#8221; text_font_size_tablet=&#8221;&#8221; text_font_size_phone=&#8221;15px&#8221; text_font_size_last_edited=&#8221;on|phone&#8221; global_colors_info=&#8221;{}&#8221;]<\/p>\n<div id=\"text-2448603766\" class=\"text\" style=\"text-align: center;\">\n<p><span>Seit 1865 tr\u00e4gt Nagel den Geist deutscher Handwerkskunst von kaiserlichen H\u00f6fen bis in moderne Konzerts\u00e4le. Vom Krieg \u00fcber 80 Jahre zum Schweigen gebracht, erhebt sich das Erbe nun erneut \u2013 wiedergeboren in Heilbronn, wo Tradition auf intelligente Technologie trifft.<\/span><\/p>\n<\/div>\n<p>[\/et_pb_text][\/et_pb_column][\/et_pb_row][et_pb_row column_structure=&#8221;1_2,1_2&#8243; _builder_version=&#8221;4.27.4&#8243; _module_preset=&#8221;default&#8221; width=&#8221;90%&#8221; max_width=&#8221;100%&#8221; custom_margin=&#8221;-4px|auto||auto||&#8221; custom_padding=&#8221;1px|||||&#8221; global_colors_info=&#8221;{}&#8221;][et_pb_column type=&#8221;1_2&#8243; _builder_version=&#8221;4.27.4&#8243; _module_preset=&#8221;default&#8221; global_colors_info=&#8221;{}&#8221;][et_pb_image src=&#8221;https:\/\/nagelpiano.com\/wp-content\/uploads\/2025\/11\/4444.jpg&#8221; title_text=&#8221;4444&#8243; _builder_version=&#8221;4.27.4&#8243; _module_preset=&#8221;default&#8221; border_radii=&#8221;on|15px|15px|15px|15px&#8221; box_shadow_style=&#8221;preset1&#8243; box_shadow_blur=&#8221;3px&#8221; box_shadow_spread=&#8221;-2px&#8221; box_shadow_color=&#8221;#000000&#8243; global_colors_info=&#8221;{}&#8221;][\/et_pb_image][et_pb_text content_tablet=&#8221;<\/p>\n<h2><span style=%22color: #000000;%22>The Origin<\/span><\/h2>\n<p><span style=%22color: #000000;%22>In 1865, in Heilbronn, the Hof-Pianofortefabrik G. L. Nagel was founded. Its instruments soon became symbols of German craftsmanship and musical nobility.<\/span><\/p>\n<p>&#8221; content_phone=&#8221;<\/p>\n<h2 style=%22text-align: center;%22><span style=%22color: #000000;%22>The Origin<\/span><\/h2>\n<p style=%22text-align: center;%22><span style=%22color: #000000;%22>Im Jahr 1865 wurde in Heilbronn die Hof-Pianofortefabrik G. L. Nagel gegr\u00fcndet. Ihre Instrumente wurden schon bald zu Symbolen deutscher Handwerkskunst und musikalischer Noblesse.<\/span><\/p>\n<p>&#8221; content_last_edited=&#8221;on|phone&#8221; _builder_version=&#8221;4.27.4&#8243; _module_preset=&#8221;default&#8221; text_line_height=&#8221;1.2em&#8221; header_font_size=&#8221;24px&#8221; header_2_font_size=&#8221;24px&#8221; text_font_size_tablet=&#8221;&#8221; text_font_size_phone=&#8221;15px&#8221; text_font_size_last_edited=&#8221;on|phone&#8221; global_colors_info=&#8221;{}&#8221;]<\/p>\n<h2><span style=\"color: #000000;\">The Origin<\/span><\/h2>\n<p><span style=\"color: #000000;\">Im Jahr 1865 wurde in Heilbronn die Hof-Pianofortefabrik G. L. Nagel gegr\u00fcndet. Ihre Instrumente wurden schon bald zu Symbolen deutscher Handwerkskunst und musikalischer Noblesse.<\/span><\/p>\n<p>[\/et_pb_text][\/et_pb_column][et_pb_column type=&#8221;1_2&#8243; _builder_version=&#8221;4.27.4&#8243; _module_preset=&#8221;default&#8221; global_colors_info=&#8221;{}&#8221;][et_pb_image src=&#8221;https:\/\/nagelpiano.com\/wp-content\/uploads\/2025\/11\/444.jpg&#8221; title_text=&#8221;444&#8243; _builder_version=&#8221;4.27.4&#8243; _module_preset=&#8221;default&#8221; border_radii=&#8221;on|15px|15px|15px|15px&#8221; box_shadow_style=&#8221;preset1&#8243; box_shadow_blur=&#8221;3px&#8221; box_shadow_spread=&#8221;-2px&#8221; box_shadow_color=&#8221;#000000&#8243; global_colors_info=&#8221;{}&#8221;][\/et_pb_image][et_pb_text content_tablet=&#8221;<\/p>\n<h2><span style=%22color: #000000;%22>Imperial Recognition<\/span><\/h2>\n<p>Nagel was appointed supplier to the Ottoman Imperial Court and, in 1906, to the Royal Court of W\u00fcrttemberg. Heilbronn became a cultural hub of excellence.<\/p>\n<p>&#8221; content_phone=&#8221;<\/p>\n<h2 style=%22text-align: center;%22><span style=%22color: #000000;%22>Kaiserliche Anerkennung<\/span><\/h2>\n<p style=%22text-align: center;%22>Nagel wurde zum Lieferanten des Osmanischen Kaiserhofs ernannt und 1906 auch des K\u00f6niglichen Hofes von W\u00fcrttemberg. Heilbronn wurde zu einem kulturellen Zentrum von h\u00f6chster Qualit\u00e4t.<\/p>\n<p>&#8221; content_last_edited=&#8221;on|phone&#8221; _builder_version=&#8221;4.27.4&#8243; _module_preset=&#8221;default&#8221; text_line_height=&#8221;1.2em&#8221; header_font_size=&#8221;24px&#8221; header_2_font_size=&#8221;24px&#8221; custom_padding_tablet=&#8221;&#8221; custom_padding_phone=&#8221;||21px||false|false&#8221; custom_padding_last_edited=&#8221;on|phone&#8221; text_font_size_tablet=&#8221;&#8221; text_font_size_phone=&#8221;15px&#8221; text_font_size_last_edited=&#8221;on|phone&#8221; global_colors_info=&#8221;{}&#8221;]<\/p>\n<h2><span style=\"color: #000000;\">Kaiserliche Anerkennung<\/span><\/h2>\n<p>Nagel wurde zum Lieferanten des Osmanischen Kaiserhofs ernannt und 1906 auch des K\u00f6niglichen Hofes von W\u00fcrttemberg. Heilbronn wurde zu einem kulturellen Zentrum von h\u00f6chster Qualit\u00e4t.<\/p>\n<p>[\/et_pb_text][\/et_pb_column][\/et_pb_row][et_pb_row column_structure=&#8221;1_2,1_2&#8243; _builder_version=&#8221;4.27.4&#8243; _module_preset=&#8221;default&#8221; width=&#8221;90%&#8221; max_width=&#8221;100%&#8221; custom_margin=&#8221;|auto||auto|false|false&#8221; custom_margin_tablet=&#8221;-4px|auto||auto||&#8221; custom_margin_phone=&#8221;-24px||||false|false&#8221; custom_margin_last_edited=&#8221;on|phone&#8221; custom_padding=&#8221;5px||||false|false&#8221; global_colors_info=&#8221;{}&#8221;][et_pb_column type=&#8221;1_2&#8243; _builder_version=&#8221;4.27.4&#8243; _module_preset=&#8221;default&#8221; global_colors_info=&#8221;{}&#8221;][et_pb_image src=&#8221;https:\/\/nagelpiano.com\/wp-content\/uploads\/2025\/11\/44444.jpg&#8221; title_text=&#8221;44444&#8243; _builder_version=&#8221;4.27.4&#8243; _module_preset=&#8221;default&#8221; border_radii=&#8221;on|15px|15px|15px|15px&#8221; box_shadow_style=&#8221;preset1&#8243; box_shadow_blur=&#8221;3px&#8221; box_shadow_spread=&#8221;-2px&#8221; box_shadow_color=&#8221;#000000&#8243; global_colors_info=&#8221;{}&#8221;][\/et_pb_image][et_pb_text content_tablet=&#8221;<\/p>\n<h2><span style=%22color: #000000;%22>Golden Era<\/span><\/h2>\n<p>By the early 20th century, thousands of families and concert halls owned a Nagel piano. It was a mark of progress, culture, and German prestige.<\/p>\n<p>&#8221; content_phone=&#8221;<\/p>\n<h2 style=%22text-align: center;%22><span style=%22color: #000000;%22>Goldene \u00c4ra<\/span><\/h2>\n<p style=%22text-align: center;%22>Anfang des 20. Jahrhunderts besa\u00dfen tausende Familien und Konzerts\u00e4le ein Nagel-Klavier. Es war ein Zeichen f\u00fcr Fortschritt, Kultur und deutschen Prestige.<\/p>\n<p>&#8221; content_last_edited=&#8221;on|phone&#8221; _builder_version=&#8221;4.27.4&#8243; _module_preset=&#8221;default&#8221; text_line_height=&#8221;1.2em&#8221; header_font_size=&#8221;24px&#8221; header_2_font_size=&#8221;24px&#8221; text_font_size_tablet=&#8221;&#8221; text_font_size_phone=&#8221;15px&#8221; text_font_size_last_edited=&#8221;on|phone&#8221; locked=&#8221;off&#8221; global_colors_info=&#8221;{}&#8221;]<\/p>\n<h2><span style=\"color: #000000;\">Goldene \u00c4ra<\/span><\/h2>\n<p>Anfang des 20. Jahrhunderts besa\u00dfen tausende Familien und Konzerts\u00e4le ein Nagel-Klavier. Es war ein Zeichen f\u00fcr Fortschritt, Kultur und deutschen Prestige.<\/p>\n<p>[\/et_pb_text][\/et_pb_column][et_pb_column type=&#8221;1_2&#8243; _builder_version=&#8221;4.27.4&#8243; _module_preset=&#8221;default&#8221; global_colors_info=&#8221;{}&#8221;][et_pb_image src=&#8221;https:\/\/nagelpiano.com\/wp-content\/uploads\/2025\/11\/44.jpg&#8221; title_text=&#8221;44&#8243; _builder_version=&#8221;4.27.4&#8243; _module_preset=&#8221;default&#8221; border_radii=&#8221;on|15px|15px|15px|15px&#8221; box_shadow_style=&#8221;preset1&#8243; box_shadow_blur=&#8221;3px&#8221; box_shadow_spread=&#8221;-2px&#8221; box_shadow_color=&#8221;#000000&#8243; global_colors_info=&#8221;{}&#8221;][\/et_pb_image][et_pb_text content_tablet=&#8221;<\/p>\n<h2>War &#038; Silence<\/h2>\n<p>In December 1944, bombing raids destroyed the Nagel factory. The brand disappeared. Surviving pianos became rare collectibles; the name fell silent for more than 80 years.<\/p>\n<p>&#8221; content_phone=&#8221;<\/p>\n<h2 style=%22text-align: center;%22>Krieg &amp; Stille<\/h2>\n<p style=%22text-align: center;%22>Im Dezember 1944 zerst\u00f6rten Bombenangriffe die Nagel-Fabrik. Die Marke verschwand. Die \u00fcberlebenden Klaviere wurden zu seltenen Sammlerst\u00fccken; der Name verstummte f\u00fcr mehr als 80 Jahre.<\/p>\n<p>&#8221; content_last_edited=&#8221;on|phone&#8221; _builder_version=&#8221;4.27.4&#8243; _module_preset=&#8221;default&#8221; text_line_height=&#8221;1.2em&#8221; header_font_size=&#8221;24px&#8221; header_2_font_size=&#8221;24px&#8221; text_font_size_tablet=&#8221;&#8221; text_font_size_phone=&#8221;15px&#8221; text_font_size_last_edited=&#8221;on|phone&#8221; locked=&#8221;off&#8221; global_colors_info=&#8221;{}&#8221;]<\/p>\n<h2>Krieg &amp; Stille<\/h2>\n<p>Im Dezember 1944 zerst\u00f6rten Bombenangriffe die Nagel-Fabrik. Die Marke verschwand. Die \u00fcberlebenden Klaviere wurden zu seltenen Sammlerst\u00fccken; der Name verstummte f\u00fcr mehr als 80 Jahre.<\/p>\n<p>[\/et_pb_text][\/et_pb_column][\/et_pb_row][et_pb_row _builder_version=&#8221;4.27.4&#8243; _module_preset=&#8221;default&#8221; width=&#8221;90%&#8221; max_width=&#8221;100%&#8221; custom_margin=&#8221;|auto||auto|false|false&#8221; custom_margin_tablet=&#8221;-4px|auto||auto||&#8221; custom_margin_phone=&#8221;-30px|auto||auto|false|false&#8221; custom_margin_last_edited=&#8221;off|phone&#8221; custom_padding=&#8221;5px||||false|false&#8221; global_colors_info=&#8221;{}&#8221;][et_pb_column type=&#8221;4_4&#8243; _builder_version=&#8221;4.27.4&#8243; _module_preset=&#8221;default&#8221; global_colors_info=&#8221;{}&#8221;][et_pb_image src=&#8221;https:\/\/nagelpiano.com\/wp-content\/uploads\/2025\/11\/WhatsApp-Image-2025-08-22-at-18.40.14_7b238234.jpg&#8221; title_text=&#8221;4&#8243; src_tablet=&#8221;https:\/\/nagelpiano.com\/wp-content\/uploads\/2025\/11\/WhatsApp-Image-2025-08-22-at-18.40.14_7b238234.jpg&#8221; src_phone=&#8221;https:\/\/nagelpiano.com\/wp-content\/uploads\/2025\/11\/4.jpg&#8221; src_last_edited=&#8221;on|phone&#8221; _builder_version=&#8221;4.27.4&#8243; _module_preset=&#8221;default&#8221; border_radii=&#8221;on|15px|15px|15px|15px&#8221; box_shadow_style=&#8221;preset1&#8243; box_shadow_blur=&#8221;3px&#8221; box_shadow_spread=&#8221;-2px&#8221; box_shadow_color=&#8221;#000000&#8243; global_colors_info=&#8221;{}&#8221;][\/et_pb_image][et_pb_text content_tablet=&#8221;<\/p>\n<h2>The Renaissance<\/h2>\n<p>In 2025, the silence ends. The piano factory rises once more in Heilbronn \u2014 a union of German heritage and modern precision. Not a business. A cherished passion.<\/p>\n<p>&#8221; content_phone=&#8221;<\/p>\n<h2 style=%22text-align: center;%22>The Renaissance<\/h2>\n<p style=%22text-align: center;%22>Im Jahr 2025 endet die Stille. Die Klavierfabrik erhebt sich erneut in Heilbronn \u2013 eine Verbindung aus deutschem Erbe und moderner Pr\u00e4zision. Kein Gesch\u00e4ft. Eine gepflegte Leidenschaft.<\/p>\n<p>&#8221; content_last_edited=&#8221;on|phone&#8221; _builder_version=&#8221;4.27.4&#8243; _module_preset=&#8221;default&#8221; text_line_height=&#8221;1.2em&#8221; header_font_size=&#8221;24px&#8221; header_2_font_size=&#8221;24px&#8221; custom_padding=&#8221;||2%||false|false&#8221; text_font_size_tablet=&#8221;&#8221; text_font_size_phone=&#8221;15px&#8221; text_font_size_last_edited=&#8221;on|phone&#8221; locked=&#8221;off&#8221; global_colors_info=&#8221;{}&#8221;]<\/p>\n<h2>The Renaissance<\/h2>\n<p>Im Jahr 2025 endet die Stille. Die Klavierfabrik erhebt sich erneut in Heilbronn \u2013 eine Verbindung aus deutschem Erbe und moderner Pr\u00e4zision. Kein Gesch\u00e4ft. Eine gepflegte Leidenschaft.<\/p>\n<p>[\/et_pb_text][\/et_pb_column][\/et_pb_row][\/et_pb_section]<\/p>\n","protected":false},"excerpt":{"rendered":"<p>Erbe Seit 1865 tr\u00e4gt Nagel den Geist deutscher Handwerkskunst von kaiserlichen H\u00f6fen bis in moderne Konzerts\u00e4le. Vom Krieg \u00fcber 80 Jahre zum Schweigen gebracht, erhebt sich das Erbe nun erneut \u2013 wiedergeboren in Heilbronn, wo Tradition auf intelligente Technologie trifft. The Origin Im Jahr 1865 wurde in Heilbronn die Hof-Pianofortefabrik G. L. Nagel gegr\u00fcndet. Ihre [&hellip;]<\/p>\n","protected":false},"author":1,"featured_media":0,"parent":0,"menu_order":0,"comment_status":"closed","ping_status":"closed","template":"","meta":{"_et_pb_use_builder":"on","_et_pb_old_content":"","_et_gb_content_width":"","footnotes":""},"class_list":["post-131","page","type-page","status-publish","hentry"],"_links":{"self":[{"href":"https:\/\/nagelpiano.com\/index.php?rest_route=\/wp\/v2\/pages\/131","targetHints":{"allow":["GET"]}}],"collection":[{"href":"https:\/\/nagelpiano.com\/index.php?rest_route=\/wp\/v2\/pages"}],"about":[{"href":"https:\/\/nagelpiano.com\/index.php?rest_route=\/wp\/v2\/types\/page"}],"author":[{"embeddable":true,"href":"https:\/\/nagelpiano.com\/index.php?rest_route=\/wp\/v2\/users\/1"}],"replies":[{"embeddable":true,"href":"https:\/\/nagelpiano.com\/index.php?rest_route=%2Fwp%2Fv2%2Fcomments&post=131"}],"version-history":[{"count":16,"href":"https:\/\/nagelpiano.com\/index.php?rest_route=\/wp\/v2\/pages\/131\/revisions"}],"predecessor-version":[{"id":559,"href":"https:\/\/nagelpiano.com\/index.php?rest_route=\/wp\/v2\/pages\/131\/revisions\/559"}],"wp:attachment":[{"href":"https:\/\/nagelpiano.com\/index.php?rest_route=%2Fwp%2Fv2%2Fmedia&parent=131"}],"curies":[{"name":"wp","href":"https:\/\/api.w.org\/{rel}","templated":true}]}}